{"id":918,"date":"2025-04-14T11:26:25","date_gmt":"2025-04-14T09:26:25","guid":{"rendered":"https:\/\/opiim.com\/?page_id=918"},"modified":"2025-04-14T14:40:52","modified_gmt":"2025-04-14T12:40:52","slug":"experience","status":"publish","type":"page","link":"https:\/\/opiim.com\/?page_id=918","title":{"rendered":"Partage d&#8217;exp\u00e9rience"},"content":{"rendered":"<div data-colibri-id=\"918-c1\" class=\"style-474 style-local-918-c1 position-relative\">\n  <!---->\n  <div data-colibri-component=\"section\" data-colibri-id=\"918-c2\" id=\"custom-2\" class=\"h-section h-section-global-spacing d-flex align-items-lg-center align-items-md-center align-items-center style-475 style-local-918-c2 position-relative\">\n    <!---->\n    <!---->\n    <div class=\"h-section-grid-container h-section-boxed-container\">\n      <!---->\n      <div data-colibri-id=\"918-c8\" class=\"h-row-container gutters-row-lg-2 gutters-row-md-2 gutters-row-0 gutters-row-v-lg-2 gutters-row-v-md-2 gutters-row-v-2 style-500 style-local-918-c8 position-relative\">\n        <!---->\n        <div class=\"h-row justify-content-lg-center justify-content-md-center justify-content-center align-items-lg-stretch align-items-md-stretch align-items-stretch gutters-col-lg-2 gutters-col-md-2 gutters-col-0 gutters-col-v-lg-2 gutters-col-v-md-2 gutters-col-v-2\">\n          <!---->\n          <div class=\"h-column h-column-container d-flex h-col-lg-auto h-col-md-auto h-col-auto style-501-outer style-local-918-c9-outer\">\n            <div data-colibri-id=\"918-c9\" class=\"d-flex h-flex-basis h-column__inner h-px-lg-2 h-px-md-2 h-px-2 v-inner-lg-2 v-inner-md-2 v-inner-2 style-501 style-local-918-c9 position-relative\">\n              <!---->\n              <!---->\n              <div class=\"w-100 h-y-container h-column__content h-column__v-align flex-basis-100 align-self-lg-start align-self-md-start align-self-start\">\n                <!---->\n                <div data-colibri-id=\"918-c11\" class=\"h-x-container style-503 style-local-918-c11 position-relative h-element\">\n                  <!---->\n                  <div class=\"h-x-container-inner style-dynamic-918-c11-group style-503-spacing style-local-918-c11-spacing\"><span class=\"h-link__outer style-504-outer style-local-918-c12-outer d-inline-flex h-element\"><a h-use-smooth-scroll=\"true\" href=\"https:\/\/opiim.com\/\"  data-colibri-id=\"918-c12\" class=\"d-flex w-100 align-items-center h-link style-504 style-local-918-c12 position-relative\"><!----><!----> <span>Retour<\/span><\/a>\n                    <\/span>\n                  <\/div>\n                <\/div>\n              <\/div>\n            <\/div>\n          <\/div>\n        <\/div>\n      <\/div>\n      <div data-colibri-id=\"918-c3\" class=\"h-row-container gutters-row-lg-1 gutters-row-md-1 gutters-row-0 gutters-row-v-lg-1 gutters-row-v-md-1 gutters-row-v-1 style-476 style-local-918-c3 position-relative\">\n        <!---->\n        <div class=\"h-row justify-content-lg-start justify-content-md-start justify-content-start align-items-lg-stretch align-items-md-stretch align-items-stretch gutters-col-lg-1 gutters-col-md-1 gutters-col-0 gutters-col-v-lg-1 gutters-col-v-md-1 gutters-col-v-1\">\n          <!---->\n          <div class=\"h-column h-column-container d-flex h-col-lg-auto h-col-md-auto h-col-auto style-477-outer style-local-918-c4-outer\">\n            <div data-colibri-id=\"918-c4\" class=\"d-flex h-flex-basis h-column__inner h-px-lg-0 h-px-md-0 h-px-0 v-inner-lg-0 v-inner-md-0 v-inner-0 style-477 style-local-918-c4 position-relative\">\n              <!---->\n              <!---->\n              <div class=\"w-100 h-y-container h-column__content h-column__v-align flex-basis-100 align-self-lg-start align-self-md-start align-self-start\">\n                <!---->\n                <div data-colibri-id=\"918-c5\" class=\"h-text h-text-component style-478 style-local-918-c5 position-relative h-element\">\n                  <!---->\n                  <!---->\n                  <div class=\"\">\n                    <h5>Force du r\u00e9seau<\/h5>\n                    <p>La gestion humaine est un d\u00e9fi universel, mais les solutions qui en d\u00e9coulent peuvent \u00eatre riches et vari\u00e9es lorsqu\u2019elles s\u2019appuient sur des exp\u00e9riences partag\u00e9es. Nous croyons \u00e0 la force d\u2019un r\u00e9seau o\u00f9 les acteurs peuvent \u00e9changer\n                      leurs difficult\u00e9s, confronter leurs approches et s\u2019enrichir des r\u00e9ussites des autres. Ce partage ne se limite pas \u00e0 un simple transfert d\u2019id\u00e9es, mais cr\u00e9e une dynamique collective qui inspire, guide et renforce les pratiques de chacun.<\/p>\n                    <p>En ouvrant un espace de dialogue et de r\u00e9flexion, nous offrons la possibilit\u00e9 aux organisations de sortir de l\u2019isolement face \u00e0 des probl\u00e9matiques complexes. Les retours d\u2019exp\u00e9rience deviennent alors un levier puissant pour am\u00e9liorer\n                      les pratiques de gestion humaine, qu\u2019il s\u2019agisse de leadership, de coh\u00e9sion d\u2019\u00e9quipe ou de gestion du changement. Ensemble, nous transformons les d\u00e9fis en opportunit\u00e9s, dans une logique de progression collective et durable.<\/p>\n                  <\/div>\n                <\/div>\n              <\/div>\n            <\/div>\n          <\/div>\n          <div class=\"h-column h-column-container d-flex h-col-lg-auto h-col-md-auto h-col-auto style-479-outer style-local-918-c6-outer\">\n            <div data-colibri-id=\"918-c6\" class=\"d-flex h-flex-basis h-column__inner h-px-lg-1 h-px-md-1 h-px-1 v-inner-lg-1 v-inner-md-1 v-inner-1 style-479 style-local-918-c6 position-relative\">\n              <!---->\n              <!---->\n              <div class=\"w-100 h-y-container h-column__content h-column__v-align flex-basis-100 align-self-lg-start align-self-md-start align-self-start\">\n                <!---->\n                <div data-colibri-id=\"918-c7\" class=\"d-block style-480 style-local-918-c7 position-relative h-element\">\n                  <!---->\n                  <div class=\"h-image__frame-container-outer\">\n                    <div class=\"h-image__frame-container\">\n                      <!---->\n                      <!---->\n                      <img loading=\"lazy\" decoding=\"async\" width=\"497\" height=\"479\" src=\"http:\/\/opiim.com\/wp-content\/uploads\/2025\/04\/cropped-Reseau.jpg\" class=\"wp-image-931 style-480-image style-local-918-c7-image\" alt=\"\" srcset=\"https:\/\/opiim.com\/wp-content\/uploads\/2025\/04\/cropped-Reseau.jpg 497w, https:\/\/opiim.com\/wp-content\/uploads\/2025\/04\/cropped-Reseau-300x289.jpg 300w\" sizes=\"auto, (max-width: 497px) 100vw, 497px\" \/>\n                      <div class=\"h-image__frame h-hide-lg h-hide-md h-hide-sm style-480-frameImage style-local-918-c7-frameImage\"><\/div>\n                    <\/div>\n                  <\/div>\n                <\/div>\n              <\/div>\n            <\/div>\n          <\/div>\n        <\/div>\n      <\/div>\n    <\/div>\n  <\/div>\n<\/div>","protected":false},"excerpt":{"rendered":"<p>Retour Force du r\u00e9seau La gestion humaine est un d\u00e9fi universel, mais les solutions qui en d\u00e9coulent peuvent \u00eatre riches et vari\u00e9es lorsqu\u2019elles s\u2019appuient sur des exp\u00e9riences partag\u00e9es. Nous croyons \u00e0 la force d\u2019un r\u00e9seau o\u00f9 les acteurs peuvent \u00e9changer leurs difficult\u00e9s, confronter leurs approches et s\u2019enrichir des r\u00e9ussites des autres. Ce partage ne se [&hellip;]<\/p>\n","protected":false},"author":1,"featured_media":0,"parent":0,"menu_order":0,"comment_status":"closed","ping_status":"closed","template":"page-templates\/full-width-page.php","meta":{"footnotes":""},"class_list":["post-918","page","type-page","status-publish","hentry"],"_links":{"self":[{"href":"https:\/\/opiim.com\/index.php?rest_route=\/wp\/v2\/pages\/918","targetHints":{"allow":["GET"]}}],"collection":[{"href":"https:\/\/opiim.com\/index.php?rest_route=\/wp\/v2\/pages"}],"about":[{"href":"https:\/\/opiim.com\/index.php?rest_route=\/wp\/v2\/types\/page"}],"author":[{"embeddable":true,"href":"https:\/\/opiim.com\/index.php?rest_route=\/wp\/v2\/users\/1"}],"replies":[{"embeddable":true,"href":"https:\/\/opiim.com\/index.php?rest_route=%2Fwp%2Fv2%2Fcomments&post=918"}],"version-history":[{"count":3,"href":"https:\/\/opiim.com\/index.php?rest_route=\/wp\/v2\/pages\/918\/revisions"}],"predecessor-version":[{"id":997,"href":"https:\/\/opiim.com\/index.php?rest_route=\/wp\/v2\/pages\/918\/revisions\/997"}],"wp:attachment":[{"href":"https:\/\/opiim.com\/index.php?rest_route=%2Fwp%2Fv2%2Fmedia&parent=918"}],"curies":[{"name":"wp","href":"https:\/\/api.w.org\/{rel}","templated":true}]}}