{"id":780,"date":"2025-04-14T10:35:04","date_gmt":"2025-04-14T08:35:04","guid":{"rendered":"https:\/\/opiim.com\/?page_id=780"},"modified":"2025-04-17T11:26:19","modified_gmt":"2025-04-17T09:26:19","slug":"performance","status":"publish","type":"page","link":"https:\/\/opiim.com\/?page_id=780","title":{"rendered":"Performance organisationnelle"},"content":{"rendered":"<div data-colibri-id=\"780-c1\" class=\"style-387 style-local-780-c1 position-relative\">\n  <!---->\n  <div data-colibri-component=\"section\" data-colibri-id=\"780-c2\" id=\"initial-content\" class=\"h-section h-section-global-spacing d-flex align-items-lg-start align-items-md-start align-items-start style-388 style-local-780-c2 position-relative\">\n    <!---->\n    <!---->\n    <div class=\"h-section-grid-container h-section-boxed-container\">\n      <!---->\n      <div data-colibri-id=\"780-c3\" class=\"h-row-container gutters-row-lg-2 gutters-row-md-2 gutters-row-0 gutters-row-v-lg-2 gutters-row-v-md-2 gutters-row-v-2 style-389 style-local-780-c3 position-relative\">\n        <!---->\n        <div class=\"h-row justify-content-lg-center justify-content-md-center justify-content-center align-items-lg-stretch align-items-md-stretch align-items-stretch gutters-col-lg-2 gutters-col-md-2 gutters-col-0 gutters-col-v-lg-2 gutters-col-v-md-2 gutters-col-v-2\">\n          <!---->\n          <div class=\"h-column h-column-container d-flex h-col-lg-auto h-col-md-auto h-col-auto style-390-outer style-local-780-c4-outer\">\n            <div data-colibri-id=\"780-c4\" class=\"d-flex h-flex-basis h-column__inner h-px-lg-2 h-px-md-2 h-px-2 v-inner-lg-2 v-inner-md-2 v-inner-2 style-390 style-local-780-c4 position-relative\">\n              <!---->\n              <!---->\n              <div class=\"w-100 h-y-container h-column__content h-column__v-align flex-basis-100 align-self-lg-start align-self-md-start align-self-start\">\n                <!---->\n                <div data-colibri-id=\"780-c5\" class=\"h-text h-text-component style-391 style-local-780-c5 position-relative h-element\">\n                  <!---->\n                  <!---->\n                  <div class=\"\">\n                    <p>La performance organisationnelle mesure la capacit\u00e9 d\u2019une entreprise \u00e0 <strong>atteindre ses objectifs<\/strong> de mani\u00e8re <strong>efficace et efficiente<\/strong>, en optimisant ses ressources et en <strong>maximisant la valeur cr\u00e9\u00e9e<\/strong>.\n                      Elle repose sur plusieurs aspects cl\u00e9s : la&nbsp; <strong>clart\u00e9<\/strong> des objectifs strat\u00e9giques, la <strong>mobilisation<\/strong> des talents, <strong>l&#8217;efficacit\u00e9<\/strong> des processus et la capacit\u00e9 d\u2019<strong>adaptation<\/strong>                      aux \u00e9volutions du march\u00e9.<\/p>\n                    <p>De nombreuses entreprises rencontrent des obstacles dans l\u2019atteinte d\u2019une performance optimale. Un manque de coordination entre les services, une d\u00e9finition floue des objectifs, et des processus inadapt\u00e9s ou inefficaces sont des probl\u00e9matiques\n                      courantes. La culture d\u2019entreprise et le style de leadership jouent \u00e9galement un r\u00f4le majeur, car des comportements inad\u00e9quats peuvent d\u00e9motiver les \u00e9quipes et nuire \u00e0 la productivit\u00e9.<\/p>\n                    <p>Les cons\u00e9quences peuvent \u00eatre de diff\u00e9rents ordres :<\/p>\n                    <p><strong>Des cons\u00e9quences sur l\u2019atteinte des objectifs :&nbsp;<\/strong><\/p>\n                    <p>Les objectifs ne sont pas atteints, il y a un manque de clart\u00e9 ou de coordination entre les acteurs cl\u00e9s et manque d\u2019agilit\u00e9 organisationnelle pour r\u00e9agir aux \u00e9volutions. Ceci entra\u00eene des r\u00e9sultats en de\u00e7\u00e0 des attentes, des retards\n                      dans les projets et une incapacit\u00e9 \u00e0 saisir des opportunit\u00e9s.<\/p>\n                    <p><strong>Des cons\u00e9quences sur les processus et l\u2019efficacit\u00e9 op\u00e9rationnelle&nbsp;:<\/strong><\/p>\n                    <p>Des processus mal d\u00e9finis et une organisation en silo, des solutions de contournement, un manque de standardisation et des indicateurs peu fiables ou mal utilis\u00e9s. Ceci entraine des r\u00e9p\u00e9titions, doublons, gaspillages, du temps et de\n                      l\u2019\u00e9nergie perdus \u00e0 pallier les dysfonctionnements, r\u00e9sultats variables d\u2019un service ou d\u2019un site \u00e0 l\u2019autre et une difficult\u00e9 \u00e0 piloter la performance.<\/p>\n                    <p><strong>Des cons\u00e9quences humaines et culturelles&nbsp;:<\/strong><\/p>\n                    <p>Un sentiment d\u2019inefficacit\u00e9 ou d\u2019inutilit\u00e9 des efforts fournis, des tensions interservices et des conflits li\u00e9s \u00e0 des responsabilit\u00e9s floues ou \u00e0 une mauvaise r\u00e9partition des charges. Ceci entraine une d\u00e9motivation des collaborateurs,\n                      un faible engagement et une perte des talents et une hausse de l\u2019absent\u00e9isme, les collaborateurs recherchant des environnements plus fluides et structur\u00e9s.<\/p>\n                    <p>Am\u00e9liorer la performance organisationnelle est essentiel pour assurer la p\u00e9rennit\u00e9 et la croissance de l\u2019entreprise.\n                      <br>\n                    <\/p>\n                  <\/div>\n                <\/div>\n              <\/div>\n            <\/div>\n          <\/div>\n          <div class=\"h-column h-column-container d-flex h-col-lg-auto h-col-md-auto h-col-auto style-392-outer style-local-780-c6-outer\">\n            <div data-colibri-id=\"780-c6\" class=\"d-flex h-flex-basis h-column__inner h-px-lg-2 h-px-md-2 h-px-2 v-inner-lg-2 v-inner-md-2 v-inner-2 style-392 style-local-780-c6 position-relative\">\n              <!---->\n              <!---->\n              <div class=\"w-100 h-y-container h-column__content h-column__v-align flex-basis-100 align-self-lg-center align-self-md-center align-self-center\">\n                <!---->\n                <div data-colibri-id=\"780-c7\" class=\"d-block style-393 style-local-780-c7 position-relative h-element\">\n                  <!---->\n                  <div class=\"h-image__frame-container-outer\">\n                    <div class=\"h-image__frame-container\">\n                      <!---->\n                      <!---->\n                      <img loading=\"lazy\" decoding=\"async\" width=\"664\" height=\"664\" src=\"http:\/\/opiim.com\/wp-content\/uploads\/2025\/04\/cropped-Performance.jpg\" class=\"wp-image-799 style-393-image style-local-780-c7-image\" alt=\"\" srcset=\"https:\/\/opiim.com\/wp-content\/uploads\/2025\/04\/cropped-Performance.jpg 664w, https:\/\/opiim.com\/wp-content\/uploads\/2025\/04\/cropped-Performance-300x300.jpg 300w, https:\/\/opiim.com\/wp-content\/uploads\/2025\/04\/cropped-Performance-150x150.jpg 150w\" sizes=\"auto, (max-width: 664px) 100vw, 664px\" \/>\n                      <div class=\"h-image__frame h-hide-lg h-hide-md h-hide-sm style-393-frameImage style-local-780-c7-frameImage\"><\/div>\n                    <\/div>\n                  <\/div>\n                <\/div>\n              <\/div>\n            <\/div>\n          <\/div>\n        <\/div>\n      <\/div>\n      <div data-colibri-id=\"780-c8\" class=\"h-row-container gutters-row-lg-2 gutters-row-md-2 gutters-row-0 gutters-row-v-lg-2 gutters-row-v-md-2 gutters-row-v-2 style-394 style-local-780-c8 position-relative\">\n        <!---->\n        <div class=\"h-row justify-content-lg-center justify-content-md-center justify-content-center align-items-lg-stretch align-items-md-stretch align-items-stretch gutters-col-lg-2 gutters-col-md-2 gutters-col-0 gutters-col-v-lg-2 gutters-col-v-md-2 gutters-col-v-2\">\n          <!---->\n          <div class=\"h-column h-column-container d-flex h-col-lg-auto h-col-md-auto h-col-auto style-395-outer style-local-780-c9-outer\">\n            <div data-colibri-id=\"780-c9\" class=\"d-flex h-flex-basis h-column__inner h-px-lg-2 h-px-md-2 h-px-2 v-inner-lg-2 v-inner-md-2 v-inner-2 style-395 style-local-780-c9 position-relative\">\n              <!---->\n              <!---->\n              <div class=\"w-100 h-y-container h-column__content h-column__v-align flex-basis-100 align-self-lg-start align-self-md-start align-self-start\">\n                <!---->\n                <div data-colibri-id=\"780-c10\" class=\"h-x-container style-396 style-local-780-c10 position-relative h-element\">\n                  <!---->\n                  <div class=\"h-x-container-inner style-dynamic-780-c10-group style-396-spacing style-local-780-c10-spacing\"><span class=\"h-link__outer style-397-outer style-local-780-c11-outer d-inline-flex h-element\"><a h-use-smooth-scroll=\"true\" href=\"https:\/\/opiim.com\/\"  data-colibri-id=\"780-c11\" class=\"d-flex w-100 align-items-center h-link style-397 style-local-780-c11 position-relative\"><!----><!----> <span>Retour<\/span><\/a>\n                    <\/span>\n                  <\/div>\n                <\/div>\n              <\/div>\n            <\/div>\n          <\/div>\n        <\/div>\n      <\/div>\n    <\/div>\n  <\/div>\n<\/div>","protected":false},"excerpt":{"rendered":"<p>La performance organisationnelle mesure la capacit\u00e9 d\u2019une entreprise \u00e0 atteindre ses objectifs de mani\u00e8re efficace et efficiente, en optimisant ses ressources et en maximisant la valeur cr\u00e9\u00e9e. Elle repose sur plusieurs aspects cl\u00e9s : la&nbsp; clart\u00e9 des objectifs strat\u00e9giques, la mobilisation des talents, l&#8217;efficacit\u00e9 des processus et la capacit\u00e9 d\u2019adaptation aux \u00e9volutions du march\u00e9. De [&hellip;]<\/p>\n","protected":false},"author":1,"featured_media":0,"parent":32,"menu_order":0,"comment_status":"closed","ping_status":"closed","template":"page-templates\/full-width-page.php","meta":{"footnotes":""},"class_list":["post-780","page","type-page","status-publish","hentry"],"_links":{"self":[{"href":"https:\/\/opiim.com\/index.php?rest_route=\/wp\/v2\/pages\/780","targetHints":{"allow":["GET"]}}],"collection":[{"href":"https:\/\/opiim.com\/index.php?rest_route=\/wp\/v2\/pages"}],"about":[{"href":"https:\/\/opiim.com\/index.php?rest_route=\/wp\/v2\/types\/page"}],"author":[{"embeddable":true,"href":"https:\/\/opiim.com\/index.php?rest_route=\/wp\/v2\/users\/1"}],"replies":[{"embeddable":true,"href":"https:\/\/opiim.com\/index.php?rest_route=%2Fwp%2Fv2%2Fcomments&post=780"}],"version-history":[{"count":5,"href":"https:\/\/opiim.com\/index.php?rest_route=\/wp\/v2\/pages\/780\/revisions"}],"predecessor-version":[{"id":1068,"href":"https:\/\/opiim.com\/index.php?rest_route=\/wp\/v2\/pages\/780\/revisions\/1068"}],"up":[{"embeddable":true,"href":"https:\/\/opiim.com\/index.php?rest_route=\/wp\/v2\/pages\/32"}],"wp:attachment":[{"href":"https:\/\/opiim.com\/index.php?rest_route=%2Fwp%2Fv2%2Fmedia&parent=780"}],"curies":[{"name":"wp","href":"https:\/\/api.w.org\/{rel}","templated":true}]}}