{"id":731,"date":"2025-04-14T10:20:30","date_gmt":"2025-04-14T08:20:30","guid":{"rendered":"https:\/\/opiim.com\/?page_id=731"},"modified":"2025-04-17T11:26:42","modified_gmt":"2025-04-17T09:26:42","slug":"leadership","status":"publish","type":"page","link":"https:\/\/opiim.com\/?page_id=731","title":{"rendered":"Efficacit\u00e9 du Leadership"},"content":{"rendered":"<div data-colibri-id=\"731-c1\" class=\"style-360 style-local-731-c1 position-relative\">\n  <!---->\n  <div data-colibri-component=\"section\" data-colibri-id=\"731-c2\" id=\"initial-content\" class=\"h-section h-section-global-spacing d-flex align-items-lg-start align-items-md-start align-items-start style-361 style-local-731-c2 position-relative\">\n    <!---->\n    <!---->\n    <div class=\"h-section-grid-container h-section-boxed-container\">\n      <!---->\n      <div data-colibri-id=\"731-c3\" class=\"h-row-container gutters-row-lg-2 gutters-row-md-2 gutters-row-0 gutters-row-v-lg-2 gutters-row-v-md-2 gutters-row-v-2 style-362 style-local-731-c3 position-relative\">\n        <!---->\n        <div class=\"h-row justify-content-lg-center justify-content-md-center justify-content-center align-items-lg-stretch align-items-md-stretch align-items-stretch gutters-col-lg-2 gutters-col-md-2 gutters-col-0 gutters-col-v-lg-2 gutters-col-v-md-2 gutters-col-v-2\">\n          <!---->\n          <div class=\"h-column h-column-container d-flex h-col-lg-auto h-col-md-auto h-col-auto style-363-outer style-local-731-c4-outer\">\n            <div data-colibri-id=\"731-c4\" class=\"d-flex h-flex-basis h-column__inner h-px-lg-2 h-px-md-2 h-px-2 v-inner-lg-2 v-inner-md-2 v-inner-2 style-363 style-local-731-c4 position-relative\">\n              <!---->\n              <!---->\n              <div class=\"w-100 h-y-container h-column__content h-column__v-align flex-basis-100 align-self-lg-start align-self-md-start align-self-start\">\n                <!---->\n                <div data-colibri-id=\"731-c5\" class=\"h-text h-text-component style-375 style-local-731-c5 position-relative h-element\">\n                  <!---->\n                  <!---->\n                  <div class=\"\">\n                    <p>L\u2019efficacit\u00e9 du leadership est un <strong>levier cl\u00e9<\/strong> pour orienter une entreprise vers la r\u00e9ussite et la coh\u00e9sion. Elle repose sur plusieurs aspects fondamentaux : la capacit\u00e9 \u00e0 fixer une <strong>vision claire<\/strong>, \u00e0\n                      d\u00e9finir et renforcer des <strong>standards d&#8217;excellence<\/strong>, \u00e0 <strong>inspirer et motiver<\/strong> les \u00e9quipes, \u00e0 prendre des d\u00e9cisions justes et \u00e0 adapter son style de gestion aux besoins de l\u2019organisation. Un leadership efficace\n                      favorise un climat de <strong>confiance et d&#8217;engagement<\/strong>, stimulant la performance collective.<\/p>\n                    <p>Plusieurs probl\u00e9matiques peuvent freiner cette efficacit\u00e9. Parmi les plus courantes, on trouve le manque de comp\u00e9tences en communication pour coacher ou renforcer les exigences, des styles de gestion inadapt\u00e9s, ou encore une vision\n                      insuffisamment partag\u00e9e. Par ailleurs, une mauvaise gestion du feedback et des conflits peut aussi miner la motivation et la collaboration.<\/p>\n                    <p>Les cons\u00e9quences peuvent \u00eatre de diff\u00e9rents ordres :<\/p>\n                    <p><strong>Des cons\u00e9quences sur la performance collective :<\/strong><\/p>\n                    <p>Des objectifs mal compris ou mal prioris\u00e9s, des standards d\u2019exigence mal appliqu\u00e9s et une inefficacit\u00e9 des actions d&#8217;am\u00e9lioration entrainant des \u00e9carts de qualit\u00e9 ou de rigueur, des comportements \u00e0 risques et des baisses de productivit\u00e9.<\/p>\n                    <p><strong>Des cons\u00e9quences humaines et relationnelles :<\/strong><\/p>\n                    <p>Un d\u00e9sengagement des \u00e9quipes, une perte de motivation, un climat de m\u00e9fiance et des conflits non r\u00e9solus qui se traduisent par une baisse d\u2019implication, une hausse de l\u2019absent\u00e9isme et une fuite des talents.<\/p>\n                    <p><strong>Des cons\u00e9quences sur la dynamique manag\u00e9riale :<\/strong><\/p>\n                    <p>Des leaders absents ou peu pr\u00e9sents sur le terrain, des styles de leadership divergents d\u2019un manager \u00e0 l\u2019autre et une absence de culture du feedback, qui emp\u00eachent l\u2019\u00e9volution des pratiques, la responsabilisation et l\u2019am\u00e9lioration.<\/p>\n                    <p><strong>Des cons\u00e9quences sur la culture et l\u2019image&nbsp;:<\/strong><\/p>\n                    <p>Une image interne n\u00e9gative du management, une perte d\u2019attractivit\u00e9 externe et une culture d\u2019entreprise affaiblie qui nuisent \u00e0 la r\u00e9putation de l\u2019entreprise.<\/p>\n                    <p>Optimiser l\u2019efficacit\u00e9 du leadership est donc essentiel pour construire une organisation performante et r\u00e9siliente.\n                      <br>\n                    <\/p>\n                  <\/div>\n                <\/div>\n              <\/div>\n            <\/div>\n          <\/div>\n          <div class=\"h-column h-column-container d-flex h-col-lg-auto h-col-md-auto h-col-auto style-365-outer style-local-731-c6-outer\">\n            <div data-colibri-id=\"731-c6\" class=\"d-flex h-flex-basis h-column__inner h-px-lg-2 h-px-md-2 h-px-2 v-inner-lg-2 v-inner-md-2 v-inner-2 style-365 style-local-731-c6 position-relative\">\n              <!---->\n              <!---->\n              <div class=\"w-100 h-y-container h-column__content h-column__v-align flex-basis-100 align-self-lg-center align-self-md-center align-self-center\">\n                <!---->\n                <div data-colibri-id=\"731-c7\" class=\"d-block style-366 style-local-731-c7 position-relative h-element\">\n                  <!---->\n                  <div class=\"h-image__frame-container-outer\">\n                    <div class=\"h-image__frame-container\">\n                      <!---->\n                      <!---->\n                      <img loading=\"lazy\" decoding=\"async\" width=\"664\" height=\"664\" src=\"http:\/\/opiim.com\/wp-content\/uploads\/2025\/04\/cropped-Leadership.jpg\" class=\"wp-image-735 style-366-image style-local-731-c7-image\" alt=\"\" srcset=\"https:\/\/opiim.com\/wp-content\/uploads\/2025\/04\/cropped-Leadership.jpg 664w, https:\/\/opiim.com\/wp-content\/uploads\/2025\/04\/cropped-Leadership-300x300.jpg 300w, https:\/\/opiim.com\/wp-content\/uploads\/2025\/04\/cropped-Leadership-150x150.jpg 150w\" sizes=\"auto, (max-width: 664px) 100vw, 664px\" \/>\n                      <div class=\"h-image__frame h-hide-lg h-hide-md h-hide-sm style-366-frameImage style-local-731-c7-frameImage\"><\/div>\n                    <\/div>\n                  <\/div>\n                <\/div>\n              <\/div>\n            <\/div>\n          <\/div>\n        <\/div>\n      <\/div>\n      <div data-colibri-id=\"731-c8\" class=\"h-row-container gutters-row-lg-2 gutters-row-md-2 gutters-row-0 gutters-row-v-lg-2 gutters-row-v-md-2 gutters-row-v-2 style-367 style-local-731-c8 position-relative\">\n        <!---->\n        <div class=\"h-row justify-content-lg-center justify-content-md-center justify-content-center align-items-lg-stretch align-items-md-stretch align-items-stretch gutters-col-lg-2 gutters-col-md-2 gutters-col-0 gutters-col-v-lg-2 gutters-col-v-md-2 gutters-col-v-2\">\n          <!---->\n          <div class=\"h-column h-column-container d-flex h-col-lg-auto h-col-md-auto h-col-auto style-368-outer style-local-731-c9-outer\">\n            <div data-colibri-id=\"731-c9\" class=\"d-flex h-flex-basis h-column__inner h-px-lg-2 h-px-md-2 h-px-2 v-inner-lg-2 v-inner-md-2 v-inner-2 style-368 style-local-731-c9 position-relative\">\n              <!---->\n              <!---->\n              <div class=\"w-100 h-y-container h-column__content h-column__v-align flex-basis-100 align-self-lg-start align-self-md-start align-self-start\">\n                <!---->\n                <div data-colibri-id=\"731-c10\" class=\"h-x-container style-369 style-local-731-c10 position-relative h-element\">\n                  <!---->\n                  <div class=\"h-x-container-inner style-dynamic-731-c10-group style-369-spacing style-local-731-c10-spacing\"><span class=\"h-link__outer style-370-outer style-local-731-c11-outer d-inline-flex h-element\"><a h-use-smooth-scroll=\"true\" href=\"https:\/\/opiim.com\/\"  data-colibri-id=\"731-c11\" class=\"d-flex w-100 align-items-center h-link style-370 style-local-731-c11 position-relative\"><!----><!----> <span>Retour<\/span><\/a>\n                    <\/span>\n                  <\/div>\n                <\/div>\n              <\/div>\n            <\/div>\n          <\/div>\n        <\/div>\n      <\/div>\n    <\/div>\n  <\/div>\n<\/div>","protected":false},"excerpt":{"rendered":"<p>L\u2019efficacit\u00e9 du leadership est un levier cl\u00e9 pour orienter une entreprise vers la r\u00e9ussite et la coh\u00e9sion. Elle repose sur plusieurs aspects fondamentaux : la capacit\u00e9 \u00e0 fixer une vision claire, \u00e0 d\u00e9finir et renforcer des standards d&#8217;excellence, \u00e0 inspirer et motiver les \u00e9quipes, \u00e0 prendre des d\u00e9cisions justes et \u00e0 adapter son style de [&hellip;]<\/p>\n","protected":false},"author":1,"featured_media":0,"parent":32,"menu_order":0,"comment_status":"closed","ping_status":"closed","template":"page-templates\/full-width-page.php","meta":{"footnotes":""},"class_list":["post-731","page","type-page","status-publish","hentry"],"_links":{"self":[{"href":"https:\/\/opiim.com\/index.php?rest_route=\/wp\/v2\/pages\/731","targetHints":{"allow":["GET"]}}],"collection":[{"href":"https:\/\/opiim.com\/index.php?rest_route=\/wp\/v2\/pages"}],"about":[{"href":"https:\/\/opiim.com\/index.php?rest_route=\/wp\/v2\/types\/page"}],"author":[{"embeddable":true,"href":"https:\/\/opiim.com\/index.php?rest_route=\/wp\/v2\/users\/1"}],"replies":[{"embeddable":true,"href":"https:\/\/opiim.com\/index.php?rest_route=%2Fwp%2Fv2%2Fcomments&post=731"}],"version-history":[{"count":8,"href":"https:\/\/opiim.com\/index.php?rest_route=\/wp\/v2\/pages\/731\/revisions"}],"predecessor-version":[{"id":1075,"href":"https:\/\/opiim.com\/index.php?rest_route=\/wp\/v2\/pages\/731\/revisions\/1075"}],"up":[{"embeddable":true,"href":"https:\/\/opiim.com\/index.php?rest_route=\/wp\/v2\/pages\/32"}],"wp:attachment":[{"href":"https:\/\/opiim.com\/index.php?rest_route=%2Fwp%2Fv2%2Fmedia&parent=731"}],"curies":[{"name":"wp","href":"https:\/\/api.w.org\/{rel}","templated":true}]}}