{"id":283,"date":"2024-11-13T21:48:51","date_gmt":"2024-11-13T20:48:51","guid":{"rendered":"https:\/\/pimslead.com\/?page_id=283"},"modified":"2025-04-14T14:33:51","modified_gmt":"2025-04-14T12:33:51","slug":"cartographie-des-besoins-et-enjeux","status":"publish","type":"page","link":"https:\/\/opiim.com\/?page_id=283","title":{"rendered":"Cartographie des besoins et enjeux"},"content":{"rendered":"<div data-colibri-id=\"283-c1\" class=\"style-399 style-local-283-c1 position-relative\">\n  <!---->\n  <div data-colibri-component=\"section\" data-colibri-id=\"283-c2\" id=\"custom\" class=\"h-section h-section-global-spacing d-flex align-items-lg-center align-items-md-center align-items-center style-404 style-local-283-c2 position-relative\">\n    <!---->\n    <!---->\n    <div class=\"h-section-grid-container h-section-boxed-container\">\n      <!---->\n      <div data-colibri-id=\"283-c3\" class=\"h-row-container gutters-row-lg-0 gutters-row-md-0 gutters-row-0 gutters-row-v-lg-0 gutters-row-v-md-0 gutters-row-v-0 style-413 style-local-283-c3 position-relative\">\n        <!---->\n        <div class=\"h-row justify-content-lg-center justify-content-md-center justify-content-center align-items-lg-stretch align-items-md-stretch align-items-stretch gutters-col-lg-0 gutters-col-md-0 gutters-col-0 gutters-col-v-lg-0 gutters-col-v-md-0 gutters-col-v-0\">\n          <!---->\n          <div class=\"h-column h-column-container d-flex h-col-lg-auto h-col-md-auto h-col-auto style-414-outer style-local-283-c4-outer\">\n            <div data-colibri-id=\"283-c4\" class=\"d-flex h-flex-basis h-column__inner h-px-lg-2 h-px-md-2 h-px-2 v-inner-lg-2 v-inner-md-2 v-inner-2 style-414 style-local-283-c4 position-relative\">\n              <!---->\n              <!---->\n              <div class=\"w-100 h-y-container h-column__content h-column__v-align flex-basis-auto align-self-lg-start align-self-md-start align-self-start\">\n                <!---->\n                <div data-colibri-id=\"283-c5\" class=\"h-text h-text-component style-416 style-local-283-c5 position-relative h-element\">\n                  <!---->\n                  <!---->\n                  <div class=\"\">\n                    <p> Cette phase d\u2019\u00e9valuation vise \u00e0 comprendre les dynamiques internes et les besoins sp\u00e9cifiques de l\u2019organisation pour permettre des actions cibl\u00e9es et optimis\u00e9es. Selon le contexte de l\u2019entreprise, ce diagnostic est r\u00e9alis\u00e9 au travers\n                      d\u2019entretiens, d\u2019observations en situation de travail, d\u2019exercices individuels ou collectifs, d\u2019auto-positionnements individuels ou par \u00e9quipe.<\/p>\n                    <p>Les r\u00e9sultats de cette phase d\u2019\u00e9valuation sont utilis\u00e9s pour g\u00e9n\u00e9rer le \u00ab sentiment d\u2019urgence \u00bb n\u00e9cessaire \u00e0 la conduite du changement, mais \u00e9galement pour orienter les diff\u00e9rentes actions d\u2019am\u00e9lioration<\/p>\n                  <\/div>\n                <\/div>\n              <\/div>\n            <\/div>\n          <\/div>\n        <\/div>\n      <\/div>\n      <div data-colibri-id=\"283-c19\" class=\"h-row-container gutters-row-lg-2 gutters-row-md-2 gutters-row-0 gutters-row-v-lg-2 gutters-row-v-md-2 gutters-row-v-2 style-482 style-local-283-c19 position-relative\">\n        <!---->\n        <div class=\"h-row justify-content-lg-center justify-content-md-center justify-content-center align-items-lg-stretch align-items-md-stretch align-items-stretch gutters-col-lg-2 gutters-col-md-2 gutters-col-0 gutters-col-v-lg-2 gutters-col-v-md-2 gutters-col-v-2\">\n          <!---->\n          <div class=\"h-column h-column-container d-flex h-col-lg-auto h-col-md-auto h-col-auto style-483-outer style-local-283-c20-outer\">\n            <div data-colibri-id=\"283-c20\" class=\"d-flex h-flex-basis h-column__inner h-px-lg-2 h-px-md-2 h-px-2 v-inner-lg-2 v-inner-md-2 v-inner-2 style-483 style-local-283-c20 position-relative\">\n              <!---->\n              <!---->\n              <div class=\"w-100 h-y-container h-column__content h-column__v-align flex-basis-100 align-self-lg-start align-self-md-start align-self-start\">\n                <!---->\n                <div data-colibri-id=\"283-c21\" class=\"h-x-container style-484 style-local-283-c21 position-relative h-element\">\n                  <!---->\n                  <div class=\"h-x-container-inner style-dynamic-283-c21-group style-484-spacing style-local-283-c21-spacing\"><span class=\"h-link__outer style-485-outer style-local-283-c22-outer d-inline-flex h-element\"><a h-use-smooth-scroll=\"true\" href=\"https:\/\/opiim.com\/\"  data-colibri-id=\"283-c22\" class=\"d-flex w-100 align-items-center h-link style-485 style-local-283-c22 position-relative\"><!----><!----> <span>Retour<\/span><\/a>\n                    <\/span>\n                  <\/div>\n                <\/div>\n              <\/div>\n            <\/div>\n          <\/div>\n        <\/div>\n      <\/div>\n    <\/div>\n  <\/div>\n  <div data-colibri-component=\"section\" data-colibri-id=\"283-c6\" id=\"custom-2\" class=\"h-section h-section-global-spacing d-flex align-items-lg-center align-items-md-center align-items-center style-409 style-local-283-c6 position-relative\">\n    <!---->\n    <!---->\n    <div class=\"h-section-grid-container h-section-boxed-container\">\n      <!---->\n      <div data-colibri-id=\"283-c7\" class=\"h-row-container gutters-row-lg-1 gutters-row-md-1 gutters-row-0 gutters-row-v-lg-1 gutters-row-v-md-1 gutters-row-v-1 style-410 style-local-283-c7 position-relative\">\n        <!---->\n        <div class=\"h-row justify-content-lg-center justify-content-md-center justify-content-center align-items-lg-stretch align-items-md-stretch align-items-stretch gutters-col-lg-1 gutters-col-md-1 gutters-col-0 gutters-col-v-lg-1 gutters-col-v-md-1 gutters-col-v-1\">\n          <!---->\n          <div class=\"h-column h-column-container d-flex h-col-lg-auto h-col-md-auto h-col-auto style-411-outer style-local-283-c8-outer\">\n            <div data-colibri-id=\"283-c8\" class=\"d-flex h-flex-basis h-column__inner h-px-lg-0 h-px-md-0 h-px-0 v-inner-lg-0 v-inner-md-0 v-inner-0 style-411 style-local-283-c8 position-relative\">\n              <!---->\n              <!---->\n              <div class=\"w-100 h-y-container h-column__content h-column__v-align flex-basis-100 align-self-lg-start align-self-md-start align-self-start\">\n                <!---->\n                <div data-colibri-id=\"283-c9\" class=\"h-text h-text-component style-421 style-local-283-c9 position-relative h-element\">\n                  <!---->\n                  <!---->\n                  <div class=\"\">\n                    <h5>Alignement op\u00e9rationnel<\/h5>\n                    <p>La cartographie de l\u2019alignement op\u00e9rationnel identifie les \u00e9carts entre la vision de l\u2019entreprise et la perception des \u00e9quipes, r\u00e9v\u00e9lant les points de tension et les zones d\u2019incompr\u00e9hension. Elle aide \u00e0 s\u2019assurer que chaque collaborateur\n                      comprend et adh\u00e8re aux objectifs strat\u00e9giques, pour une action collective plus coh\u00e9rente et motiv\u00e9e.<\/p>\n                    <p>L\u2019alignement vertical s\u2019assure que les objectifs sont compris aux diff\u00e9rents niveaux : strat\u00e9gique (comit\u00e9 de direction, top management), tactiques (cadres interm\u00e9diaires, responsables de service) et op\u00e9rationnels (chefs d\u2019\u00e9quipes,\n                      managers de proximit\u00e9, agents de maitrise)<\/p>\n                    <p>L\u2019alignement horizontal s\u2019assure que les \u00e9quipes sont focalis\u00e9es sur les m\u00eames objectifs, et n\u2019ont pas de fonctionnement en silo.<\/p>\n                  <\/div>\n                <\/div>\n              <\/div>\n            <\/div>\n          <\/div>\n          <div class=\"h-column h-column-container d-flex h-col-lg-auto h-col-md-auto h-col-auto style-412-outer style-local-283-c10-outer\">\n            <div data-colibri-id=\"283-c10\" class=\"d-flex h-flex-basis h-column__inner h-px-lg-1 h-px-md-1 h-px-1 v-inner-lg-1 v-inner-md-1 v-inner-1 style-412 style-local-283-c10 position-relative\">\n              <!---->\n              <!---->\n              <div class=\"w-100 h-y-container h-column__content h-column__v-align flex-basis-100 align-self-lg-start align-self-md-start align-self-start\">\n                <!---->\n                <div data-colibri-id=\"283-c11\" class=\"d-block style-422 style-local-283-c11 position-relative h-element\">\n                  <!---->\n                  <div class=\"h-image__frame-container-outer\">\n                    <div class=\"h-image__frame-container\">\n                      <!---->\n                      <!---->\n                      <img loading=\"lazy\" decoding=\"async\" width=\"740\" height=\"435\" src=\"http:\/\/opiim.com\/wp-content\/uploads\/2025\/04\/Cartographie-1.jpg\" class=\"wp-image-836 style-422-image style-local-283-c11-image\" alt=\"\" srcset=\"https:\/\/opiim.com\/wp-content\/uploads\/2025\/04\/Cartographie-1.jpg 740w, https:\/\/opiim.com\/wp-content\/uploads\/2025\/04\/Cartographie-1-300x176.jpg 300w\" sizes=\"auto, (max-width: 740px) 100vw, 740px\" \/>\n                      <div class=\"h-image__frame h-hide-lg h-hide-md h-hide-sm style-422-frameImage style-local-283-c11-frameImage\"><\/div>\n                    <\/div>\n                  <\/div>\n                <\/div>\n              <\/div>\n            <\/div>\n          <\/div>\n        <\/div>\n      <\/div>\n    <\/div>\n  <\/div>\n  <div data-colibri-component=\"section\" data-colibri-id=\"283-c12\" id=\"custom-3\" class=\"h-section h-section-global-spacing d-flex align-items-lg-center align-items-md-center align-items-center style-423 style-local-283-c12 position-relative\">\n    <!---->\n    <!---->\n    <div class=\"h-section-grid-container h-section-boxed-container\">\n      <!---->\n      <div data-colibri-id=\"283-c13\" class=\"h-row-container gutters-row-lg-1 gutters-row-md-1 gutters-row-0 gutters-row-v-lg-1 gutters-row-v-md-1 gutters-row-v-1 style-424 style-local-283-c13 position-relative\">\n        <!---->\n        <div class=\"h-row justify-content-lg-center justify-content-md-center justify-content-center align-items-lg-stretch align-items-md-stretch align-items-stretch gutters-col-lg-1 gutters-col-md-1 gutters-col-0 gutters-col-v-lg-1 gutters-col-v-md-1 gutters-col-v-1\">\n          <!---->\n          <div class=\"h-column h-column-container d-flex h-col-lg-auto h-col-md-auto h-col-auto style-425-outer style-local-283-c14-outer\">\n            <div data-colibri-id=\"283-c14\" class=\"d-flex h-flex-basis h-column__inner h-px-lg-1 h-px-md-1 h-px-1 v-inner-lg-1 v-inner-md-1 v-inner-1 style-425 style-local-283-c14 position-relative\">\n              <!---->\n              <!---->\n              <div class=\"w-100 h-y-container h-column__content h-column__v-align flex-basis-100 align-self-lg-start align-self-md-start align-self-start\">\n                <!---->\n                <div data-colibri-id=\"283-c15\" class=\"h-text h-text-component style-427 style-local-283-c15 position-relative h-element\">\n                  <!---->\n                  <!---->\n                  <div class=\"\">\n                    <h5>Pratiques de leadership<\/h5>\n                    <p>La cartographie des pratiques de leadership examine comment les standards et les exigences de l\u2019entreprise sont d\u00e9finis, communiqu\u00e9s et renforc\u00e9s par les managers. <\/p>\n                    <p>Elle permet d\u2019\u00e9valuer dans quelle mesure les pratiques de leadership favorisent l\u2019adh\u00e9sion aux valeurs de l\u2019organisation, l\u2019excellence op\u00e9rationnelle et la coh\u00e9rence des comportements. <\/p>\n                    <p>Elle identifie les leviers de leadership efficaces et ceux \u00e0 renforcer pour garantir un environnement stimulant et align\u00e9 avec les objectifs strat\u00e9giques.<\/p>\n                  <\/div>\n                <\/div>\n              <\/div>\n            <\/div>\n          <\/div>\n          <div class=\"h-column h-column-container d-flex h-col-lg-auto h-col-md-auto h-col-auto style-426-outer style-local-283-c16-outer\">\n            <div data-colibri-id=\"283-c16\" class=\"d-flex h-flex-basis h-column__inner h-px-lg-1 h-px-md-1 h-px-1 v-inner-lg-1 v-inner-md-1 v-inner-1 style-426 style-local-283-c16 position-relative\">\n              <!---->\n              <!---->\n              <div class=\"w-100 h-y-container h-column__content h-column__v-align flex-basis-100 align-self-lg-start align-self-md-start align-self-start\">\n                <!---->\n                <div data-colibri-id=\"283-c17\" class=\"d-block style-429 style-local-283-c17 position-relative h-element\">\n                  <!---->\n                  <div class=\"h-image__frame-container-outer\">\n                    <div class=\"h-image__frame-container\">\n                      <!---->\n                      <!---->\n                      <img decoding=\"async\" src=\"https:\/\/opiim.com\/wp-content\/uploads\/2025\/04\/cropped-Cartographie-2-300x300.jpg\" class=\"style-429-image style-local-283-c17-image\">\n                      <div class=\"h-image__frame h-hide-lg h-hide-md h-hide-sm style-429-frameImage style-local-283-c17-frameImage\"><\/div>\n                    <\/div>\n                  <\/div>\n                <\/div>\n              <\/div>\n            <\/div>\n          <\/div>\n        <\/div>\n      <\/div>\n    <\/div>\n  <\/div>\n<\/div>","protected":false},"excerpt":{"rendered":"<p>Cette phase d\u2019\u00e9valuation vise \u00e0 comprendre les dynamiques internes et les besoins sp\u00e9cifiques de l\u2019organisation pour permettre des actions cibl\u00e9es et optimis\u00e9es. Selon le contexte de l\u2019entreprise, ce diagnostic est r\u00e9alis\u00e9 au travers d\u2019entretiens, d\u2019observations en situation de travail, d\u2019exercices individuels ou collectifs, d\u2019auto-positionnements individuels ou par \u00e9quipe. Les r\u00e9sultats de cette phase d\u2019\u00e9valuation sont [&hellip;]<\/p>\n","protected":false},"author":2,"featured_media":0,"parent":0,"menu_order":0,"comment_status":"closed","ping_status":"closed","template":"page-templates\/full-width-page.php","meta":{"footnotes":""},"class_list":["post-283","page","type-page","status-publish","hentry"],"_links":{"self":[{"href":"https:\/\/opiim.com\/index.php?rest_route=\/wp\/v2\/pages\/283","targetHints":{"allow":["GET"]}}],"collection":[{"href":"https:\/\/opiim.com\/index.php?rest_route=\/wp\/v2\/pages"}],"about":[{"href":"https:\/\/opiim.com\/index.php?rest_route=\/wp\/v2\/types\/page"}],"author":[{"embeddable":true,"href":"https:\/\/opiim.com\/index.php?rest_route=\/wp\/v2\/users\/2"}],"replies":[{"embeddable":true,"href":"https:\/\/opiim.com\/index.php?rest_route=%2Fwp%2Fv2%2Fcomments&post=283"}],"version-history":[{"count":3,"href":"https:\/\/opiim.com\/index.php?rest_route=\/wp\/v2\/pages\/283\/revisions"}],"predecessor-version":[{"id":975,"href":"https:\/\/opiim.com\/index.php?rest_route=\/wp\/v2\/pages\/283\/revisions\/975"}],"wp:attachment":[{"href":"https:\/\/opiim.com\/index.php?rest_route=%2Fwp%2Fv2%2Fmedia&parent=283"}],"curies":[{"name":"wp","href":"https:\/\/api.w.org\/{rel}","templated":true}]}}