{"id":209,"date":"2024-11-13T21:25:38","date_gmt":"2024-11-13T20:25:38","guid":{"rendered":"https:\/\/pimslead.com\/?page_id=209"},"modified":"2025-04-17T10:52:41","modified_gmt":"2025-04-17T08:52:41","slug":"alignement-operationnel","status":"publish","type":"page","link":"https:\/\/opiim.com\/?page_id=209","title":{"rendered":"Alignement op\u00e9rationnel"},"content":{"rendered":"<div data-colibri-id=\"209-c1\" class=\"style-341 style-local-209-c1 position-relative\">\n  <!---->\n  <div data-colibri-component=\"section\" data-colibri-id=\"209-c2\" id=\"initial-content\" class=\"h-section h-section-global-spacing d-flex align-items-lg-start align-items-md-start align-items-start style-342 style-local-209-c2 position-relative\">\n    <!---->\n    <!---->\n    <div class=\"h-section-grid-container h-section-boxed-container\">\n      <!---->\n      <div data-colibri-id=\"209-c3\" class=\"h-row-container gutters-row-lg-2 gutters-row-md-2 gutters-row-0 gutters-row-v-lg-2 gutters-row-v-md-2 gutters-row-v-2 style-349 style-local-209-c3 position-relative\">\n        <!---->\n        <div class=\"h-row justify-content-lg-center justify-content-md-center justify-content-center align-items-lg-stretch align-items-md-stretch align-items-stretch gutters-col-lg-2 gutters-col-md-2 gutters-col-0 gutters-col-v-lg-2 gutters-col-v-md-2 gutters-col-v-2\">\n          <!---->\n          <div class=\"h-column h-column-container d-flex h-col-lg-auto h-col-md-auto h-col-auto style-350-outer style-local-209-c4-outer\">\n            <div data-colibri-id=\"209-c4\" class=\"d-flex h-flex-basis h-column__inner h-px-lg-2 h-px-md-2 h-px-2 v-inner-lg-2 v-inner-md-2 v-inner-2 style-350 style-local-209-c4 position-relative\">\n              <!---->\n              <!---->\n              <div class=\"w-100 h-y-container h-column__content h-column__v-align flex-basis-100 align-self-lg-start align-self-md-start align-self-start\">\n                <!---->\n                <div data-colibri-id=\"209-c5\" class=\"h-text h-text-component style-348 style-local-209-c5 position-relative h-element\">\n                  <!---->\n                  <!---->\n                  <div class=\"\">\n                    <p>L\u2019alignement des \u00e9quipes sur la strat\u00e9gie d\u2019entreprise est <strong>essentiel <\/strong> pour transformer les objectifs strat\u00e9giques en <strong>r\u00e9sultats concrets.&nbsp;<\/strong> Il implique que chaque membre de l\u2019organisation comprenne\n                      non seulement les grandes orientations de l\u2019entreprise, mais aussi son <strong>r\u00f4le sp\u00e9cifique<\/strong> dans l\u2019atteinte de ces objectifs. Cet alignement permet une <strong>coh\u00e9rence<\/strong> dans l\u2019action quotidienne et favorise\n                      l\u2019<strong>engagement  <\/strong> de chacun.<\/p>\n                    <p>Plusieurs probl\u00e9matiques peuvent freiner cet alignement. Parmi les plus fr\u00e9quentes, on trouve la communication inadapt\u00e9e des objectifs strat\u00e9giques, des valeurs et des attentes de performance. Par ailleurs, un manque de clart\u00e9 sur\n                      les r\u00f4les et responsabilit\u00e9s ou des d\u00e9saccords entre les diff\u00e9rentes \u00e9quipes et niveaux hi\u00e9rarchiques peuvent g\u00e9n\u00e9rer des tensions et des incompr\u00e9hensions. Enfin, l\u2019absence de suivi et d\u2019\u00e9valuation r\u00e9guliers complique l\u2019identification\n                      et la correction des \u00e9carts.<\/p>\n                    <p>Les cons\u00e9quences d&#8217;un manque d&#8217;alignement peuvent \u00eatre de deux ordres.<\/p>\n                    <p><strong>Des cons\u00e9quences sur la performance op\u00e9rationnelle :<\/strong><\/p>\n                    <p>Une perte de productivit\u00e9, des projets ralentis ou non finalis\u00e9s et des ressources mal allou\u00e9es se traduisent par un gaspillage de temps, d\u2019\u00e9nergie et de budget sur des actions non strat\u00e9giques.<\/p>\n                    <p><strong>Des cons\u00e9quences humaines et organisationnelles :<\/strong><\/p>\n                    <p>Un manque de coordination entre \u00e9quipes, un sentiment d\u2019inutilit\u00e9 ou de non-reconnaissance et des tensions inter-\u00e9quipes ou inter-hi\u00e9rarchiques qui entrainent une perte de sens et un d\u00e9sengagement des \u00e9quipes et un turnover accru :\n                      notamment chez les profils \u00e0 fort potentiel en qu\u00eate de clart\u00e9 et de vision\n                      <br>\n                    <\/p>\n                    <p>L\u2019alignement strat\u00e9gique est un levier majeur pour une performance durable et coh\u00e9rente.\n                      <br>\n                    <\/p>\n                  <\/div>\n                <\/div>\n              <\/div>\n            <\/div>\n          <\/div>\n          <div class=\"h-column h-column-container d-flex h-col-lg-auto h-col-md-auto h-col-auto style-351-outer style-local-209-c6-outer\">\n            <div data-colibri-id=\"209-c6\" class=\"d-flex h-flex-basis h-column__inner h-px-lg-2 h-px-md-2 h-px-2 v-inner-lg-2 v-inner-md-2 v-inner-2 style-351 style-local-209-c6 position-relative\">\n              <!---->\n              <!---->\n              <div class=\"w-100 h-y-container h-column__content h-column__v-align flex-basis-100 align-self-lg-center align-self-md-center align-self-center\">\n                <!---->\n                <div data-colibri-id=\"209-c7\" class=\"d-block style-352 style-local-209-c7 position-relative h-element\">\n                  <!---->\n                  <div class=\"h-image__frame-container-outer\">\n                    <div class=\"h-image__frame-container\">\n                      <!---->\n                      <!---->\n                      <img loading=\"lazy\" decoding=\"async\" width=\"664\" height=\"664\" src=\"http:\/\/opiim.com\/wp-content\/uploads\/2025\/04\/cropped-Alignement.jpg\" class=\"wp-image-706 style-352-image style-local-209-c7-image\" alt=\"\" srcset=\"https:\/\/opiim.com\/wp-content\/uploads\/2025\/04\/cropped-Alignement.jpg 664w, https:\/\/opiim.com\/wp-content\/uploads\/2025\/04\/cropped-Alignement-300x300.jpg 300w, https:\/\/opiim.com\/wp-content\/uploads\/2025\/04\/cropped-Alignement-150x150.jpg 150w\" sizes=\"auto, (max-width: 664px) 100vw, 664px\" \/>\n                      <div class=\"h-image__frame h-hide-lg h-hide-md h-hide-sm style-352-frameImage style-local-209-c7-frameImage\"><\/div>\n                    <\/div>\n                  <\/div>\n                <\/div>\n              <\/div>\n            <\/div>\n          <\/div>\n        <\/div>\n      <\/div>\n      <div data-colibri-id=\"209-c8\" class=\"h-row-container gutters-row-lg-2 gutters-row-md-2 gutters-row-0 gutters-row-v-lg-2 gutters-row-v-md-2 gutters-row-v-2 style-356 style-local-209-c8 position-relative\">\n        <!---->\n        <div class=\"h-row justify-content-lg-center justify-content-md-center justify-content-center align-items-lg-stretch align-items-md-stretch align-items-stretch gutters-col-lg-2 gutters-col-md-2 gutters-col-0 gutters-col-v-lg-2 gutters-col-v-md-2 gutters-col-v-2\">\n          <!---->\n          <div class=\"h-column h-column-container d-flex h-col-lg-auto h-col-md-auto h-col-auto style-357-outer style-local-209-c9-outer\">\n            <div data-colibri-id=\"209-c9\" class=\"d-flex h-flex-basis h-column__inner h-px-lg-2 h-px-md-2 h-px-2 v-inner-lg-2 v-inner-md-2 v-inner-2 style-357 style-local-209-c9 position-relative\">\n              <!---->\n              <!---->\n              <div class=\"w-100 h-y-container h-column__content h-column__v-align flex-basis-100 align-self-lg-start align-self-md-start align-self-start\">\n                <!---->\n                <div data-colibri-id=\"209-c10\" class=\"h-x-container style-358 style-local-209-c10 position-relative h-element\">\n                  <!---->\n                  <div class=\"h-x-container-inner style-dynamic-209-c10-group style-358-spacing style-local-209-c10-spacing\"><span class=\"h-link__outer style-359-outer style-local-209-c11-outer d-inline-flex h-element\"><a h-use-smooth-scroll=\"true\" href=\"https:\/\/opiim.com\/\"  data-colibri-id=\"209-c11\" class=\"d-flex w-100 align-items-center h-link style-359 style-local-209-c11 position-relative\"><!----><!----> <span>Retour<\/span><\/a>\n                    <\/span>\n                  <\/div>\n                <\/div>\n              <\/div>\n            <\/div>\n          <\/div>\n        <\/div>\n      <\/div>\n    <\/div>\n  <\/div>\n<\/div>","protected":false},"excerpt":{"rendered":"<p>L\u2019alignement des \u00e9quipes sur la strat\u00e9gie d\u2019entreprise est essentiel pour transformer les objectifs strat\u00e9giques en r\u00e9sultats concrets.&nbsp; Il implique que chaque membre de l\u2019organisation comprenne non seulement les grandes orientations de l\u2019entreprise, mais aussi son r\u00f4le sp\u00e9cifique dans l\u2019atteinte de ces objectifs. Cet alignement permet une coh\u00e9rence dans l\u2019action quotidienne et favorise l\u2019engagement de chacun. [&hellip;]<\/p>\n","protected":false},"author":2,"featured_media":0,"parent":32,"menu_order":0,"comment_status":"closed","ping_status":"closed","template":"page-templates\/full-width-page.php","meta":{"footnotes":""},"class_list":["post-209","page","type-page","status-publish","hentry"],"_links":{"self":[{"href":"https:\/\/opiim.com\/index.php?rest_route=\/wp\/v2\/pages\/209","targetHints":{"allow":["GET"]}}],"collection":[{"href":"https:\/\/opiim.com\/index.php?rest_route=\/wp\/v2\/pages"}],"about":[{"href":"https:\/\/opiim.com\/index.php?rest_route=\/wp\/v2\/types\/page"}],"author":[{"embeddable":true,"href":"https:\/\/opiim.com\/index.php?rest_route=\/wp\/v2\/users\/2"}],"replies":[{"embeddable":true,"href":"https:\/\/opiim.com\/index.php?rest_route=%2Fwp%2Fv2%2Fcomments&post=209"}],"version-history":[{"count":8,"href":"https:\/\/opiim.com\/index.php?rest_route=\/wp\/v2\/pages\/209\/revisions"}],"predecessor-version":[{"id":1047,"href":"https:\/\/opiim.com\/index.php?rest_route=\/wp\/v2\/pages\/209\/revisions\/1047"}],"up":[{"embeddable":true,"href":"https:\/\/opiim.com\/index.php?rest_route=\/wp\/v2\/pages\/32"}],"wp:attachment":[{"href":"https:\/\/opiim.com\/index.php?rest_route=%2Fwp%2Fv2%2Fmedia&parent=209"}],"curies":[{"name":"wp","href":"https:\/\/api.w.org\/{rel}","templated":true}]}}